{"id":7296,"date":"2023-05-31T12:54:26","date_gmt":"2023-05-31T10:54:26","guid":{"rendered":"https:\/\/dev.veneziagay.it\/home-2\/"},"modified":"2024-01-13T16:50:15","modified_gmt":"2024-01-13T15:50:15","slug":"home-2","status":"publish","type":"page","link":"https:\/\/veneziagay.it\/it\/","title":{"rendered":"Home"},"content":{"rendered":"\n<p class=\"has-text-align-left no-margin\"><strong>Dal 2004 Venezia Gay<\/strong>&nbsp;\u00e8 un&nbsp;&nbsp;portale che nasce come offerta editoriale per consigliare alberghi, ristoranti, artigiani, shop, attivit\u00e0 culturali e artistiche preferite dai locali che in pochissimo tempo si \u00e8 trasformato in amatissima guida della citt\u00e0 per il turista che cerca un\u2019esperienza diversa dal solito, con una particolare attenzione alle&nbsp;<strong>proposte&nbsp;<em>lgbtq+ friendly&nbsp;<\/em>di qualit\u00e0<\/strong>.&nbsp;<\/p>\n\n\n<div class=\"su-accordion su-u-trim\"><div class=\"su-spoiler su-spoiler-style-default su-spoiler-icon-plus su-spoiler-closed\" data-scroll-offset=\"0\" data-anchor-in-url=\"no\"><div class=\"su-spoiler-title\" tabindex=\"0\" role=\"button\"><span class=\"su-spoiler-icon\"><\/span><\/div><div class=\"su-spoiler-content su-u-clearfix su-u-trim\">\n<div style=\"text-align:left;float:left;\">E\u2019 il <b>punto di riferimento per chi desidera scoprire<\/b> la <b>Venezia<\/b> pi\u00f9 esclusiva, glamour, elegante, fuori dagli usuali percorsi turistici. Su Venezia Gay si trovano solo le location preferite dai veneziani, pi\u00f9 adatte a un turismo consapevole. Proprio per questo motivo la <b>selezione di proposte<\/b> \u00e8 <b>attenta e limitata<\/b>, testate negli anni con la massima soddisfazione dei clienti, nella logica di garantire sempre la migliore esperienza di viaggio.<br \/>\nIn primo piano la sezione <b><em>News<\/em><\/b> dove presentiamo una selezione degli eventi pi\u00f9 interessanti in corso a Venezia: una pagina sempre aggiornata che rappresenta un punto di forza del sito molto amato dagli utenti.<br \/>\nDella <b>galassia Venezia Gay<\/b> fa parte anche <b>WeddinGay<\/b> &#8211; il Wedding planner con la pi\u00f9 lunga esperienza di unioni simboliche e civili LGBTQ+ nelle sedi pi\u00f9 esclusive e romantiche di Venezia e del resto d\u2019Italia &#8211; e <b>ON VIEW Experiences &#038; Weddings<\/b>, tour operator a 360\u00b0 che si occupa di turismo culturale, turismo esperienziale in Italia e in selezionate destinazioni internazionali e organizzazione di matrimoni ed eventi.<br \/>\nLe nostre <b>pagine social su Facebook e Instagram<\/b> consentono di rimanere aggiornati sugli eventi in corso e sulle nuove opportunit\u00e0 di visita che vanno ad aggiungersi mano a mano a quelle presenti sul sito, sempre sull\u2019onda dell\u2019esclusivit\u00e0.\n<\/div>\n<\/div><\/div><\/div>\n\n\n\n<div style=\"height:50px\" aria-hidden=\"true\" class=\"wp-block-spacer\"><\/div>\n\n\n\n<div class=\"wp-block-columns is-layout-flex wp-container-core-columns-is-layout-1 wp-block-columns-is-layout-flex\">\n<div class=\"wp-block-column highlights is-layout-flow wp-block-column-is-layout-flow\">\n<figure class=\"wp-block-image size-full\"><img decoding=\"async\" width=\"281\" height=\"187\" src=\"https:\/\/veneziagay.it\/wp-content\/uploads\/2023\/12\/news-veneziagay.png\" alt=\"\" class=\"wp-image-7241\"\/><\/figure>\n\n\n\n<h4 class=\"wp-block-heading has-text-align-left\"><a href=\"https:\/\/veneziagay.it\/category\/news\/\">News<\/a><\/h4>\n\n\n\n<p class=\"has-text-align-left\">Attualit\u00e0, curiosit\u00e0, approfondimenti, appuntamenti della scena LGBTQ di Venezia e dintorni. Vuoi comunicare qualche evento, convegno, informazione sull&#8217;argomento?<a href=\"mailto:info@veneziagay.it\" target=\"_blank\" rel=\"noreferrer noopener\">Contattaci!<\/a>!<\/p>\n\n\n\n<p class=\"has-text-align-left\"><a class=\"cta red\" href=\"https:\/\/veneziagay.it\/it\/category\/news-it\/\"><span>continua<\/span><\/a><\/p>\n<\/div>\n\n\n\n<div class=\"wp-block-column hotels is-layout-flow wp-block-column-is-layout-flow\">\n<figure class=\"wp-block-image size-large\"><a href=\"https:\/\/veneziagay.it\/it\/category\/hotels-bb-appartamenti\/\"><img decoding=\"async\" width=\"1024\" height=\"681\" src=\"https:\/\/veneziagay.it\/wp-content\/uploads\/2013\/09\/Hotels-1024x681.jpg\" alt=\"\" class=\"wp-image-79\" srcset=\"https:\/\/veneziagay.it\/wp-content\/uploads\/2013\/09\/Hotels-1024x681.jpg 1024w, https:\/\/veneziagay.it\/wp-content\/uploads\/2013\/09\/Hotels-300x199.jpg 300w, https:\/\/veneziagay.it\/wp-content\/uploads\/2013\/09\/Hotels-39x25.jpg 39w, https:\/\/veneziagay.it\/wp-content\/uploads\/2013\/09\/Hotels-586x390.jpg 586w, https:\/\/veneziagay.it\/wp-content\/uploads\/2013\/09\/Hotels.jpg 1440w\" sizes=\"(max-width: 1024px) 100vw, 1024px\" \/><\/a><\/figure>\n\n\n\n<h4 class=\"wp-block-heading has-text-align-left\"><a href=\"https:\/\/veneziagay.it\/it\/category\/dove-dormire\/\">Dove dormire<\/a><\/h4>\n\n\n\n<p class=\"has-text-align-left\">Una serie di Hotels di diverse categorie di Venezia centro storico e dintorni da noi accuratamente selezionati. Competenza e alta qualit\u00e0 di servizio.<\/p>\n\n\n\n<p class=\"has-text-align-left\"><a class=\"cta orange\" href=\"https:\/\/veneziagay.it\/it\/category\/dove-dormire\/\"><span>continua<\/span><\/a><\/p>\n<\/div>\n\n\n\n<div class=\"wp-block-column bar is-layout-flow wp-block-column-is-layout-flow\">\n<figure class=\"wp-block-image size-large\"><a href=\"https:\/\/veneziagay.it\/it\/category\/bar-ristoranti\/\"><img decoding=\"async\" width=\"1024\" height=\"681\" src=\"https:\/\/veneziagay.it\/wp-content\/uploads\/2013\/09\/Bar-Ristoranti-1024x681.jpg\" alt=\"\" class=\"wp-image-64\" srcset=\"https:\/\/veneziagay.it\/wp-content\/uploads\/2013\/09\/Bar-Ristoranti-1024x681.jpg 1024w, https:\/\/veneziagay.it\/wp-content\/uploads\/2013\/09\/Bar-Ristoranti-300x199.jpg 300w, https:\/\/veneziagay.it\/wp-content\/uploads\/2013\/09\/Bar-Ristoranti-39x25.jpg 39w, https:\/\/veneziagay.it\/wp-content\/uploads\/2013\/09\/Bar-Ristoranti-586x390.jpg 586w, https:\/\/veneziagay.it\/wp-content\/uploads\/2013\/09\/Bar-Ristoranti.jpg 1440w\" sizes=\"(max-width: 1024px) 100vw, 1024px\" \/><\/a><\/figure>\n\n\n\n<h4 class=\"wp-block-heading has-text-align-left\"><a href=\"https:\/\/veneziagay.it\/category\/bar-restaurants\/\">Bar &amp; Ristoranti<\/a><\/h4>\n\n\n\n<p class=\"has-text-align-left\">I nostri suggerimenti per mangiare e bere a Venezia e dintorni. Dalla tradizionale Osteria al Ristorante di lusso dove la clientela LGBTQ \u00e8 benvenuta!<\/p>\n\n\n\n<p class=\"has-text-align-left\"><a class=\"cta yellow\" href=\"https:\/\/veneziagay.it\/it\/category\/bar-ristoranti\/\"><span>continua<\/span><\/a><\/p>\n<\/div>\n\n\n\n<div class=\"wp-block-column shops is-layout-flow wp-block-column-is-layout-flow\">\n<figure class=\"wp-block-image size-large\"><a href=\"https:\/\/veneziagay.it\/it\/category\/boutique-negozi-atelier\/\"><img decoding=\"async\" width=\"1024\" height=\"682\" src=\"https:\/\/veneziagay.it\/wp-content\/uploads\/2013\/09\/Shopping-1024x682.jpg\" alt=\"\" class=\"wp-image-126\" srcset=\"https:\/\/veneziagay.it\/wp-content\/uploads\/2013\/09\/Shopping-1024x682.jpg 1024w, https:\/\/veneziagay.it\/wp-content\/uploads\/2013\/09\/Shopping-300x200.jpg 300w, https:\/\/veneziagay.it\/wp-content\/uploads\/2013\/09\/Shopping-39x26.jpg 39w, https:\/\/veneziagay.it\/wp-content\/uploads\/2013\/09\/Shopping-585x390.jpg 585w, https:\/\/veneziagay.it\/wp-content\/uploads\/2013\/09\/Shopping.jpg 1440w\" sizes=\"(max-width: 1024px) 100vw, 1024px\" \/><\/a><\/figure>\n\n\n\n<h4 class=\"wp-block-heading has-text-align-left\"><a href=\"https:\/\/veneziagay.it\/it\/category\/shopping-it\/\">Shopping<\/a><\/h4>\n\n\n\n<p class=\"has-text-align-left\">Boutique grandi firme, abbigliamento, gallerie d&#8217;arte, laboratori artigianali. Piccoli e grandi negozi della tradizione veneziana tutti da scoprire!<\/p>\n\n\n\n<p class=\"has-text-align-left\"><a class=\"cta green\" href=\"https:\/\/veneziagay.it\/it\/category\/shopping-it\/\"><span>continua<\/span><\/a><\/p>\n<\/div>\n<\/div>\n\n\n\n<div class=\"wp-block-columns is-layout-flex wp-container-core-columns-is-layout-2 wp-block-columns-is-layout-flex\">\n<div class=\"wp-block-column do is-layout-flow wp-block-column-is-layout-flow\">\n<figure class=\"wp-block-image size-large\"><img decoding=\"async\" width=\"1024\" height=\"681\" src=\"https:\/\/veneziagay.it\/wp-content\/uploads\/2013\/09\/Cosa-Fare-1024x681.jpg\" alt=\"\" class=\"wp-image-120\" srcset=\"https:\/\/veneziagay.it\/wp-content\/uploads\/2013\/09\/Cosa-Fare-1024x681.jpg 1024w, https:\/\/veneziagay.it\/wp-content\/uploads\/2013\/09\/Cosa-Fare-300x199.jpg 300w, https:\/\/veneziagay.it\/wp-content\/uploads\/2013\/09\/Cosa-Fare-39x25.jpg 39w, https:\/\/veneziagay.it\/wp-content\/uploads\/2013\/09\/Cosa-Fare-586x390.jpg 586w, https:\/\/veneziagay.it\/wp-content\/uploads\/2013\/09\/Cosa-Fare.jpg 1440w\" sizes=\"(max-width: 1024px) 100vw, 1024px\" \/><\/figure>\n\n\n\n<h4 class=\"wp-block-heading has-text-align-left\"><a href=\"https:\/\/veneziagay.it\/category\/what-to-do\/\">Cosa fare<\/a><\/h4>\n\n\n\n<p class=\"has-text-align-left\">Suggerimenti, Informazioni, indicazioni per vivere Venezia nella sua essenza e apprezzandone la sua unicit\u00e0. Varie proposte personalizzate e originali. Per prenotazioni e informazioni contatta&nbsp;<a rel=\"noreferrer noopener\" href=\"mailto:info@on-view.com\" target=\"_blank\">la nostra agenzia di viaggi<\/a>.<\/p>\n\n\n\n<p class=\"has-text-align-left\"><a class=\"cta blue\" href=\"https:\/\/veneziagay.it\/it\/category\/cosa-fare\/\"><span>continua<\/span><\/a><\/p>\n<\/div>\n\n\n\n<div class=\"wp-block-column see is-layout-flow wp-block-column-is-layout-flow\">\n<figure class=\"wp-block-image size-full\"><img decoding=\"async\" width=\"281\" height=\"187\" src=\"https:\/\/veneziagay.it\/wp-content\/uploads\/2023\/12\/what-to-se-veenziagay.png\" alt=\"\" class=\"wp-image-7238\"\/><\/figure>\n\n\n\n<h4 class=\"wp-block-heading has-text-align-left\"><a href=\"https:\/\/veneziagay.it\/category\/what-to-see\/\">Cosa vedere<\/a><\/h4>\n\n\n\n<p class=\"has-text-align-left\">Arte, Storia, Cultura e angoli naturalistici unici al mondo. Palazzi, Chiese, Monumenti, Musei, Teatri di Prosa, Lirica e Danza. E poi le isole della Laguna e le spiagge del litorale.<\/p>\n\n\n\n<p class=\"has-text-align-left\"><a class=\"cta purple\" href=\"https:\/\/veneziagay.it\/it\/category\/cosa-vedere\/\"><span>continua<\/span><\/a><\/p>\n<\/div>\n\n\n\n<div class=\"wp-block-column weddings is-layout-flow wp-block-column-is-layout-flow\">\n<figure class=\"wp-block-image size-full\"><a href=\"https:\/\/veneziagay.it\/it\/category\/unioni-civili-simboliche-viaggi-di-nozze\/\"><img decoding=\"async\" width=\"300\" height=\"193\" src=\"https:\/\/veneziagay.it\/wp-content\/uploads\/2018\/07\/logo_WG_per-VeneziaGay-home.jpg\" alt=\"\" class=\"wp-image-1330\" srcset=\"https:\/\/veneziagay.it\/wp-content\/uploads\/2018\/07\/logo_WG_per-VeneziaGay-home.jpg 300w, https:\/\/veneziagay.it\/wp-content\/uploads\/2018\/07\/logo_WG_per-VeneziaGay-home-39x25.jpg 39w\" sizes=\"(max-width: 300px) 100vw, 300px\" \/><\/a><\/figure>\n\n\n\n<h4 class=\"wp-block-heading has-text-align-left\"><a href=\"https:\/\/veneziagay.it\/it\/category\/eventi-lgbtq\/\">Eventi LGBTQ+<\/a><\/h4>\n\n\n\n<p class=\"has-text-align-left\">Dal 2016, grazie alla nuova legge,&nbsp;<a rel=\"noreferrer noopener\" href=\"http:\/\/www.weddingay.com\/\" target=\"_blank\">organizziamo anche Unioni civili<\/a>&nbsp;per la clientela italiana e organizziamo viaggi di nozze su misura, in Italia e in tutto il mondo!<\/p>\n\n\n\n<p class=\"has-text-align-left\"><a class=\"cta red\" href=\"https:\/\/veneziagay.it\/it\/category\/eventi-lgbtq\/\"><span>continua<\/span><\/a><\/p>\n<\/div>\n\n\n\n<div class=\"wp-block-column italia is-layout-flow wp-block-column-is-layout-flow\">\n<figure class=\"wp-block-image size-large\"><a href=\"https:\/\/veneziagay.it\/it\/category\/italia-che-ci-piace\/\"><img decoding=\"async\" width=\"1024\" height=\"683\" src=\"https:\/\/veneziagay.it\/wp-content\/uploads\/2020\/08\/ItalyWeLove-1024x683.jpg\" alt=\"\" class=\"wp-image-2948\" srcset=\"https:\/\/veneziagay.it\/wp-content\/uploads\/2020\/08\/ItalyWeLove-1024x683.jpg 1024w, https:\/\/veneziagay.it\/wp-content\/uploads\/2020\/08\/ItalyWeLove-300x200.jpg 300w, https:\/\/veneziagay.it\/wp-content\/uploads\/2020\/08\/ItalyWeLove-768x512.jpg 768w, https:\/\/veneziagay.it\/wp-content\/uploads\/2020\/08\/ItalyWeLove-1536x1024.jpg 1536w, https:\/\/veneziagay.it\/wp-content\/uploads\/2020\/08\/ItalyWeLove-39x26.jpg 39w, https:\/\/veneziagay.it\/wp-content\/uploads\/2020\/08\/ItalyWeLove-585x390.jpg 585w, https:\/\/veneziagay.it\/wp-content\/uploads\/2020\/08\/ItalyWeLove.jpg 1968w\" sizes=\"(max-width: 1024px) 100vw, 1024px\" \/><\/a><\/figure>\n\n\n\n<h4 class=\"wp-block-heading has-text-align-left\"><a href=\"https:\/\/veneziagay.it\/category\/italia-che-ci-piace\/\" data-type=\"URL\" data-id=\"https:\/\/veneziagay.it\/category\/italia-che-ci-piace\/\">L&#8217;Italia che ci piace<\/a><\/h4>\n\n\n\n<p class=\"has-text-align-left\">Proposte, offerte, esperienze uniche nei pi\u00f9 bei angoli del nostro bel paese. Scopri i nostri viaggi e tour! Per prenotazioni e informazioni contatta la nostra&nbsp;<a href=\"mailto:info@on-view.com\">agenzia di viaggi<\/a>.<\/p>\n\n\n\n<p class=\"has-text-align-left\"><a class=\"cta orange\" href=\"https:\/\/veneziagay.it\/it\/category\/italia-che-ci-piace\/\"><span>continua<\/span><\/a><\/p>\n<\/div>\n<\/div>\n","protected":false},"excerpt":{"rendered":"<p>Dal 2004 Venezia Gay&nbsp;\u00e8 un&nbsp;&nbsp;portale che nasce come offerta editoriale per consigliare alberghi, ristoranti, artigiani, shop, attivit\u00e0 culturali e artistiche preferite dai locali che in<\/p>\n","protected":false},"author":42,"featured_media":0,"parent":0,"menu_order":0,"comment_status":"closed","ping_status":"closed","template":"","meta":{"_acf_changed":false,"footnotes":""},"class_list":["post-7296","page","type-page","status-publish","hentry"],"acf":[],"yoast_head":"<!-- This site is optimized with the Yoast SEO plugin v24.7 - https:\/\/yoast.com\/wordpress\/plugins\/seo\/ -->\n<title>Home - Venezia gay<\/title>\n<meta name=\"robots\" content=\"index, follow, max-snippet:-1, max-image-preview:large, max-video-preview:-1\" \/>\n<link rel=\"canonical\" href=\"https:\/\/veneziagay.it\/it\/\" \/>\n<meta property=\"og:locale\" content=\"it_IT\" \/>\n<meta property=\"og:type\" content=\"article\" \/>\n<meta property=\"og:title\" content=\"Home - Venezia gay\" \/>\n<meta property=\"og:description\" content=\"Dal 2004 Venezia Gay&nbsp;\u00e8 un&nbsp;&nbsp;portale che nasce come offerta editoriale per consigliare alberghi, ristoranti, artigiani, shop, attivit\u00e0 culturali e artistiche preferite dai locali che in\" \/>\n<meta property=\"og:url\" content=\"https:\/\/veneziagay.it\/it\/\" \/>\n<meta property=\"og:site_name\" content=\"Venezia gay\" \/>\n<meta property=\"article:modified_time\" content=\"2024-01-13T15:50:15+00:00\" \/>\n<meta property=\"og:image\" content=\"https:\/\/veneziagay.it\/wp-content\/uploads\/2023\/12\/news-veneziagay.png\" \/>\n<meta name=\"twitter:card\" content=\"summary_large_image\" \/>\n<meta name=\"twitter:label1\" content=\"Tempo di lettura stimato\" \/>\n\t<meta name=\"twitter:data1\" content=\"3 minuti\" \/>\n<script type=\"application\/ld+json\" class=\"yoast-schema-graph\">{\"@context\":\"https:\/\/schema.org\",\"@graph\":[{\"@type\":\"WebPage\",\"@id\":\"https:\/\/veneziagay.it\/it\/\",\"url\":\"https:\/\/veneziagay.it\/it\/\",\"name\":\"Home - Venezia gay\",\"isPartOf\":{\"@id\":\"https:\/\/veneziagay.it\/it\/#website\"},\"primaryImageOfPage\":{\"@id\":\"https:\/\/veneziagay.it\/it\/#primaryimage\"},\"image\":{\"@id\":\"https:\/\/veneziagay.it\/it\/#primaryimage\"},\"thumbnailUrl\":\"https:\/\/veneziagay.it\/wp-content\/uploads\/2023\/12\/news-veneziagay.png\",\"datePublished\":\"2023-05-31T10:54:26+00:00\",\"dateModified\":\"2024-01-13T15:50:15+00:00\",\"breadcrumb\":{\"@id\":\"https:\/\/veneziagay.it\/it\/#breadcrumb\"},\"inLanguage\":\"it-IT\",\"potentialAction\":[{\"@type\":\"ReadAction\",\"target\":[\"https:\/\/veneziagay.it\/it\/\"]}]},{\"@type\":\"ImageObject\",\"inLanguage\":\"it-IT\",\"@id\":\"https:\/\/veneziagay.it\/it\/#primaryimage\",\"url\":\"https:\/\/veneziagay.it\/wp-content\/uploads\/2023\/12\/news-veneziagay.png\",\"contentUrl\":\"https:\/\/veneziagay.it\/wp-content\/uploads\/2023\/12\/news-veneziagay.png\"},{\"@type\":\"BreadcrumbList\",\"@id\":\"https:\/\/veneziagay.it\/it\/#breadcrumb\",\"itemListElement\":[{\"@type\":\"ListItem\",\"position\":1,\"name\":\"Home\",\"item\":\"https:\/\/veneziagay.it\/it\/\"},{\"@type\":\"ListItem\",\"position\":2,\"name\":\"Home\"}]},{\"@type\":\"WebSite\",\"@id\":\"https:\/\/veneziagay.it\/it\/#website\",\"url\":\"https:\/\/veneziagay.it\/it\/\",\"name\":\"Venezia gay\",\"description\":\"Venezia gay friendly\",\"publisher\":{\"@id\":\"https:\/\/veneziagay.it\/it\/#organization\"},\"potentialAction\":[{\"@type\":\"SearchAction\",\"target\":{\"@type\":\"EntryPoint\",\"urlTemplate\":\"https:\/\/veneziagay.it\/it\/?s={search_term_string}\"},\"query-input\":{\"@type\":\"PropertyValueSpecification\",\"valueRequired\":true,\"valueName\":\"search_term_string\"}}],\"inLanguage\":\"it-IT\"},{\"@type\":\"Organization\",\"@id\":\"https:\/\/veneziagay.it\/it\/#organization\",\"name\":\"Venezia gay\",\"url\":\"https:\/\/veneziagay.it\/it\/\",\"logo\":{\"@type\":\"ImageObject\",\"inLanguage\":\"it-IT\",\"@id\":\"https:\/\/veneziagay.it\/it\/#\/schema\/logo\/image\/\",\"url\":\"https:\/\/veneziagay.it\/wp-content\/uploads\/2023\/12\/cropped-cropped-logo_Veneziagay-colori-positivo_Tavola-disegno-1.png\",\"contentUrl\":\"https:\/\/veneziagay.it\/wp-content\/uploads\/2023\/12\/cropped-cropped-logo_Veneziagay-colori-positivo_Tavola-disegno-1.png\",\"width\":7444,\"height\":3428,\"caption\":\"Venezia gay\"},\"image\":{\"@id\":\"https:\/\/veneziagay.it\/it\/#\/schema\/logo\/image\/\"}}]}<\/script>\n<!-- \/ Yoast SEO plugin. -->","yoast_head_json":{"title":"Home - Venezia gay","robots":{"index":"index","follow":"follow","max-snippet":"max-snippet:-1","max-image-preview":"max-image-preview:large","max-video-preview":"max-video-preview:-1"},"canonical":"https:\/\/veneziagay.it\/it\/","og_locale":"it_IT","og_type":"article","og_title":"Home - Venezia gay","og_description":"Dal 2004 Venezia Gay&nbsp;\u00e8 un&nbsp;&nbsp;portale che nasce come offerta editoriale per consigliare alberghi, ristoranti, artigiani, shop, attivit\u00e0 culturali e artistiche preferite dai locali che in","og_url":"https:\/\/veneziagay.it\/it\/","og_site_name":"Venezia gay","article_modified_time":"2024-01-13T15:50:15+00:00","og_image":[{"url":"https:\/\/veneziagay.it\/wp-content\/uploads\/2023\/12\/news-veneziagay.png","type":"","width":"","height":""}],"twitter_card":"summary_large_image","twitter_misc":{"Tempo di lettura stimato":"3 minuti"},"schema":{"@context":"https:\/\/schema.org","@graph":[{"@type":"WebPage","@id":"https:\/\/veneziagay.it\/it\/","url":"https:\/\/veneziagay.it\/it\/","name":"Home - Venezia gay","isPartOf":{"@id":"https:\/\/veneziagay.it\/it\/#website"},"primaryImageOfPage":{"@id":"https:\/\/veneziagay.it\/it\/#primaryimage"},"image":{"@id":"https:\/\/veneziagay.it\/it\/#primaryimage"},"thumbnailUrl":"https:\/\/veneziagay.it\/wp-content\/uploads\/2023\/12\/news-veneziagay.png","datePublished":"2023-05-31T10:54:26+00:00","dateModified":"2024-01-13T15:50:15+00:00","breadcrumb":{"@id":"https:\/\/veneziagay.it\/it\/#breadcrumb"},"inLanguage":"it-IT","potentialAction":[{"@type":"ReadAction","target":["https:\/\/veneziagay.it\/it\/"]}]},{"@type":"ImageObject","inLanguage":"it-IT","@id":"https:\/\/veneziagay.it\/it\/#primaryimage","url":"https:\/\/veneziagay.it\/wp-content\/uploads\/2023\/12\/news-veneziagay.png","contentUrl":"https:\/\/veneziagay.it\/wp-content\/uploads\/2023\/12\/news-veneziagay.png"},{"@type":"BreadcrumbList","@id":"https:\/\/veneziagay.it\/it\/#breadcrumb","itemListElement":[{"@type":"ListItem","position":1,"name":"Home","item":"https:\/\/veneziagay.it\/it\/"},{"@type":"ListItem","position":2,"name":"Home"}]},{"@type":"WebSite","@id":"https:\/\/veneziagay.it\/it\/#website","url":"https:\/\/veneziagay.it\/it\/","name":"Venezia gay","description":"Venezia gay friendly","publisher":{"@id":"https:\/\/veneziagay.it\/it\/#organization"},"potentialAction":[{"@type":"SearchAction","target":{"@type":"EntryPoint","urlTemplate":"https:\/\/veneziagay.it\/it\/?s={search_term_string}"},"query-input":{"@type":"PropertyValueSpecification","valueRequired":true,"valueName":"search_term_string"}}],"inLanguage":"it-IT"},{"@type":"Organization","@id":"https:\/\/veneziagay.it\/it\/#organization","name":"Venezia gay","url":"https:\/\/veneziagay.it\/it\/","logo":{"@type":"ImageObject","inLanguage":"it-IT","@id":"https:\/\/veneziagay.it\/it\/#\/schema\/logo\/image\/","url":"https:\/\/veneziagay.it\/wp-content\/uploads\/2023\/12\/cropped-cropped-logo_Veneziagay-colori-positivo_Tavola-disegno-1.png","contentUrl":"https:\/\/veneziagay.it\/wp-content\/uploads\/2023\/12\/cropped-cropped-logo_Veneziagay-colori-positivo_Tavola-disegno-1.png","width":7444,"height":3428,"caption":"Venezia gay"},"image":{"@id":"https:\/\/veneziagay.it\/it\/#\/schema\/logo\/image\/"}}]}},"_links":{"self":[{"href":"https:\/\/veneziagay.it\/it\/wp-json\/wp\/v2\/pages\/7296","targetHints":{"allow":["GET"]}}],"collection":[{"href":"https:\/\/veneziagay.it\/it\/wp-json\/wp\/v2\/pages"}],"about":[{"href":"https:\/\/veneziagay.it\/it\/wp-json\/wp\/v2\/types\/page"}],"author":[{"embeddable":true,"href":"https:\/\/veneziagay.it\/it\/wp-json\/wp\/v2\/users\/42"}],"replies":[{"embeddable":true,"href":"https:\/\/veneziagay.it\/it\/wp-json\/wp\/v2\/comments?post=7296"}],"version-history":[{"count":4,"href":"https:\/\/veneziagay.it\/it\/wp-json\/wp\/v2\/pages\/7296\/revisions"}],"predecessor-version":[{"id":7436,"href":"https:\/\/veneziagay.it\/it\/wp-json\/wp\/v2\/pages\/7296\/revisions\/7436"}],"wp:attachment":[{"href":"https:\/\/veneziagay.it\/it\/wp-json\/wp\/v2\/media?parent=7296"}],"curies":[{"name":"wp","href":"https:\/\/api.w.org\/{rel}","templated":true}]}}